{"id":99,"date":"2025-08-30T21:58:15","date_gmt":"2025-08-30T21:58:15","guid":{"rendered":"https:\/\/zephyrmarin.se\/?page_id=99"},"modified":"2025-09-03T18:39:15","modified_gmt":"2025-09-03T18:39:15","slug":"produkter","status":"publish","type":"page","link":"https:\/\/zephyrmarin.se\/index.php\/produkter\/","title":{"rendered":"Produkter"},"content":{"rendered":"<div id=\"pl-99\"  class=\"panel-layout\" ><div id=\"pg-99-0\"  class=\"panel-grid panel-no-style\" ><div id=\"pgc-99-0-0\"  class=\"panel-grid-cell\" ><div id=\"panel-99-0-0-0\" class=\"so-panel widget widget_headline-widget panel-first-child\" data-index=\"0\" ><div class=\"panel-widget-style panel-widget-style-for-99-0-0-0\" >\t\t<h1>Peke<\/h1>\n\t\t<div class=\"decoration\"><div class=\"decoration-inside\"><\/div><\/div>\n\t\t<h3>Rosfritt \/ Syrafast | 33.7mm \/ 42.4mm r\u00f6r | Teak \/ Mahogany<\/h3>\n\t\t<\/div><\/div><div id=\"panel-99-0-0-1\" class=\"so-panel widget widget_sow-image\" data-index=\"1\" ><div\n\t\t\t\n\t\t\tclass=\"so-widget-sow-image so-widget-sow-image-default-8b5b6f678277-99\"\n\t\t\t\n\t\t>\n<div class=\"sow-image-container\">\n\t\t<img \n\tsrc=\"https:\/\/zephyrmarin.se\/wp-content\/uploads\/2025\/08\/DSC_0026-436x272-1.jpg\" width=\"436\" height=\"272\" srcset=\"https:\/\/zephyrmarin.se\/wp-content\/uploads\/2025\/08\/DSC_0026-436x272-1.jpg 436w, https:\/\/zephyrmarin.se\/wp-content\/uploads\/2025\/08\/DSC_0026-436x272-1-300x187.jpg 300w\" sizes=\"(max-width: 436px) 100vw, 436px\" title=\"DSC_0026-436&#215;272\" alt=\"\" \t\tclass=\"so-widget-image\"\/>\n\t<\/div>\n\n<\/div><\/div><div id=\"panel-99-0-0-2\" class=\"so-panel widget widget_text panel-last-child\" data-index=\"2\" ><div class=\"panel-widget-style panel-widget-style-for-99-0-0-2\" >\t\t\t<div class=\"textwidget\"><p>Skr\u00e4ddarsydd peke efter m\u00e5tt och design efter \u00f6nskem\u00e5l, kan utrustas med bl.a. ankarvippa, kassettstege, gennakerf\u00e4ste m.m.<\/p>\n<\/div>\n\t\t<\/div><\/div><\/div><div id=\"pgc-99-0-1\"  class=\"panel-grid-cell\" ><div id=\"panel-99-0-1-0\" class=\"so-panel widget widget_headline-widget panel-first-child\" data-index=\"3\" ><div class=\"panel-widget-style panel-widget-style-for-99-0-1-0\" >\t\t<h1>Targab\u00e5ge<\/h1>\n\t\t<div class=\"decoration\"><div class=\"decoration-inside\"><\/div><\/div>\n\t\t<h3>R\u00f6r i m\u00e5nga dimensioner | D\u00e4vertar | Integrerat i r\u00e4cke \/ d\u00e4ckst\u00e5ende | f\u00e4sten f\u00f6r solpaneler, vindsnurra, radarf\u00e4ste m.m.<\/h3>\n\t\t<\/div><\/div><div id=\"panel-99-0-1-1\" class=\"so-panel widget widget_sow-image\" data-index=\"4\" ><div\n\t\t\t\n\t\t\tclass=\"so-widget-sow-image so-widget-sow-image-default-8b5b6f678277-99\"\n\t\t\t\n\t\t>\n<div class=\"sow-image-container\">\n\t\t<img \n\tsrc=\"https:\/\/zephyrmarin.se\/wp-content\/uploads\/2025\/08\/IMG_0773-436x272.jpg\" width=\"436\" height=\"272\" sizes=\"(max-width: 436px) 100vw, 436px\" alt=\"\" \t\tclass=\"so-widget-image\"\/>\n\t<\/div>\n\n<\/div><\/div><div id=\"panel-99-0-1-2\" class=\"so-panel widget widget_text panel-last-child\" data-index=\"5\" ><div class=\"panel-widget-style panel-widget-style-for-99-0-1-2\" >\t\t\t<div class=\"textwidget\"><p>Skr\u00e4ddarsydd peke efter m\u00e5tt och design efter \u00f6nskem\u00e5l, kan utrustas med bl.a. ankarvippa, kassettstege, gennakerf\u00e4ste m.m.<\/p>\n<\/div>\n\t\t<\/div><\/div><\/div><div id=\"pgc-99-0-2\"  class=\"panel-grid-cell\" ><div id=\"panel-99-0-2-0\" class=\"so-panel widget widget_headline-widget panel-first-child\" data-index=\"6\" >\t\t<h1>D\u00e4vertar<\/h1>\n\t\t<div class=\"decoration\"><div class=\"decoration-inside\"><\/div><\/div>\n\t\t<h3>R\u00f6r i m\u00e5nga dimensioner | D\u00e4ckst\u00e5ende \/ integrerat \/ f\u00e4st p\u00e5 akterspegel<\/h3>\n\t\t<\/div><div id=\"panel-99-0-2-1\" class=\"so-panel widget widget_sow-image\" data-index=\"7\" ><div\n\t\t\t\n\t\t\tclass=\"so-widget-sow-image so-widget-sow-image-default-8b5b6f678277-99\"\n\t\t\t\n\t\t>\n<div class=\"sow-image-container\">\n\t\t<img \n\tsrc=\"https:\/\/zephyrmarin.se\/wp-content\/uploads\/2025\/08\/crop22-1024x535-1-436x272.png\" width=\"436\" height=\"272\" sizes=\"(max-width: 436px) 100vw, 436px\" title=\"F\u00e4llbar d\u00e4vert f\u00f6r gummijolle\" alt=\"F\u00e4llbar d\u00e4vert f\u00f6r gummijolle\" \t\tclass=\"so-widget-image\"\/>\n\t<\/div>\n\n<\/div><\/div><div id=\"panel-99-0-2-2\" class=\"so-panel widget widget_text panel-last-child\" data-index=\"8\" ><div class=\"panel-widget-style panel-widget-style-for-99-0-2-2\" >\t\t\t<div class=\"textwidget\"><p>Skr\u00e4ddarsydd peke efter m\u00e5tt och design efter \u00f6nskem\u00e5l, kan utrustas med bl.a. ankarvippa, kassettstege, gennakerf\u00e4ste m.m.<\/p>\n<\/div>\n\t\t<\/div><\/div><\/div><\/div><div id=\"pg-99-1\"  class=\"panel-grid panel-no-style\" ><div id=\"pgc-99-1-0\"  class=\"panel-grid-cell\" ><div id=\"panel-99-1-0-0\" class=\"so-panel widget widget_headline-widget panel-first-child\" data-index=\"9\" ><div class=\"panel-widget-style panel-widget-style-for-99-1-0-0\" >\t\t<h1>Bimini\/sprayhood-b\u00e5gar<\/h1>\n\t\t<div class=\"decoration\"><div class=\"decoration-inside\"><\/div><\/div>\n\t\t<h3>R\u00f6r i m\u00e5nga dimensioner | fasts\u00e4ttning i d\u00e4ck eller r\u00e4cke\/targab\u00e5ge<\/h3>\n\t\t<\/div><\/div><div id=\"panel-99-1-0-1\" class=\"so-panel widget widget_sow-image\" data-index=\"10\" ><div\n\t\t\t\n\t\t\tclass=\"so-widget-sow-image so-widget-sow-image-default-c67d20f9f743-99\"\n\t\t\t\n\t\t>\n<div class=\"sow-image-container\">\n\t\t<img \n\tsrc=\"https:\/\/zephyrmarin.se\/wp-content\/uploads\/2025\/09\/IMG_2154-960x480-1-e1756923641464-436x272.jpeg\" width=\"436\" height=\"272\" sizes=\"(max-width: 436px) 100vw, 436px\" title=\"IMG_2154-960&#215;480\" alt=\"\" \t\tclass=\"so-widget-image\"\/>\n\t<\/div>\n\n<\/div><\/div><div id=\"panel-99-1-0-2\" class=\"so-panel widget widget_text panel-last-child\" data-index=\"11\" ><div class=\"panel-widget-style panel-widget-style-for-99-1-0-2\" >\t\t\t<div class=\"textwidget\"><p>Skr\u00e4ddarsydd peke efter m\u00e5tt och design efter \u00f6nskem\u00e5l, kan utrustas med bl.a. ankarvippa, kassettstege, gennakerf\u00e4ste m.m.<\/p>\n<\/div>\n\t\t<\/div><\/div><\/div><div id=\"pgc-99-1-1\"  class=\"panel-grid-cell panel-grid-cell-empty panel-grid-cell-mobile-last\" ><\/div><div id=\"pgc-99-1-2\"  class=\"panel-grid-cell panel-grid-cell-empty\" ><\/div><\/div><div id=\"pg-99-2\"  class=\"panel-grid panel-no-style\" ><div id=\"pgc-99-2-0\"  class=\"panel-grid-cell\" ><div id=\"panel-99-2-0-0\" class=\"so-panel widget widget_headline-widget panel-first-child panel-last-child\" data-index=\"12\" ><div class=\"panel-widget-style panel-widget-style-for-99-2-0-0\" >\t\t<h1>\u00d6vrigt<\/h1>\n\t\t<div class=\"decoration\"><div class=\"decoration-inside\"><\/div><\/div>\n\t\t<h3>Tillverkning och reparation av r\u00e4ckverk, diverse f\u00e4sten, rodkick med d\u00e4mpare m.m.<\/h3>\n\t\t<\/div><\/div><\/div><\/div><div id=\"pg-99-3\"  class=\"panel-grid panel-no-style\" ><div id=\"pgc-99-3-0\"  class=\"panel-grid-cell\" ><div id=\"panel-99-3-0-0\" class=\"so-panel widget widget_sow-image panel-first-child\" data-index=\"13\" ><div\n\t\t\t\n\t\t\tclass=\"so-widget-sow-image so-widget-sow-image-default-c67d20f9f743-99\"\n\t\t\t\n\t\t>\n<div class=\"sow-image-container\">\n\t\t<img \n\tsrc=\"https:\/\/zephyrmarin.se\/wp-content\/uploads\/2025\/08\/DSC_0071-576x1024-1.jpg\" width=\"576\" height=\"1024\" srcset=\"https:\/\/zephyrmarin.se\/wp-content\/uploads\/2025\/08\/DSC_0071-576x1024-1.jpg 576w, https:\/\/zephyrmarin.se\/wp-content\/uploads\/2025\/08\/DSC_0071-576x1024-1-169x300.jpg 169w\" sizes=\"(max-width: 576px) 100vw, 576px\" title=\"DSC_0071-576&#215;1024\" alt=\"\" \t\tclass=\"so-widget-image\"\/>\n\t<\/div>\n\n<\/div><\/div><div id=\"panel-99-3-0-1\" class=\"so-panel widget widget_text panel-last-child\" data-index=\"14\" ><div class=\"panel-widget-style panel-widget-style-for-99-3-0-1\" >\t\t\t<div class=\"textwidget\"><p>Roder till segelb\u00e5t som sedan formats med polyuretan med slutna fibrer och laminerats i epoxy<\/p>\n<\/div>\n\t\t<\/div><\/div><\/div><div id=\"pgc-99-3-1\"  class=\"panel-grid-cell panel-grid-cell-mobile-last\" ><div id=\"panel-99-3-1-0\" class=\"so-panel widget widget_sow-image panel-first-child\" data-index=\"15\" ><div\n\t\t\t\n\t\t\tclass=\"so-widget-sow-image so-widget-sow-image-default-8b5b6f678277-99\"\n\t\t\t\n\t\t>\n<div class=\"sow-image-container\">\n\t\t<img \n\tsrc=\"https:\/\/zephyrmarin.se\/wp-content\/uploads\/2025\/08\/DSC_0205-1-576x1024-1.jpg\" width=\"576\" height=\"1024\" srcset=\"https:\/\/zephyrmarin.se\/wp-content\/uploads\/2025\/08\/DSC_0205-1-576x1024-1.jpg 576w, https:\/\/zephyrmarin.se\/wp-content\/uploads\/2025\/08\/DSC_0205-1-576x1024-1-169x300.jpg 169w\" sizes=\"(max-width: 576px) 100vw, 576px\" title=\"DSC_0205-1-576&#215;1024\" alt=\"\" \t\tclass=\"so-widget-image\"\/>\n\t<\/div>\n\n<\/div><\/div><div id=\"panel-99-3-1-1\" class=\"so-panel widget widget_text panel-last-child\" data-index=\"16\" ><div class=\"panel-widget-style panel-widget-style-for-99-3-1-1\" >\t\t\t<div class=\"textwidget\"><p>Badstege f\u00f6r pool i hotell<\/p>\n<\/div>\n\t\t<\/div><\/div><\/div><div id=\"pgc-99-3-2\"  class=\"panel-grid-cell panel-grid-cell-empty\" ><\/div><\/div><\/div>","protected":false},"excerpt":{"rendered":"<p>Skr\u00e4ddarsydd peke efter m\u00e5tt och design efter \u00f6nskem\u00e5l, kan utrustas med bl.a. ankarvippa, kassettstege, gennakerf\u00e4ste m.m. Skr\u00e4ddarsydd peke efter m\u00e5tt och design efter \u00f6nskem\u00e5l, kan utrustas med bl.a. ankarvippa, kassettstege, gennakerf\u00e4ste m.m. Skr\u00e4ddarsydd peke efter m\u00e5tt och design efter \u00f6nskem\u00e5l, kan utrustas med bl.a. ankarvippa, kassettstege, gennakerf\u00e4ste m.m. Skr\u00e4ddarsydd peke efter m\u00e5tt och design efter [&hellip;]<\/p>\n","protected":false},"author":1,"featured_media":0,"parent":0,"menu_order":1,"comment_status":"closed","ping_status":"closed","template":"","meta":{"footnotes":""},"class_list":["post-99","page","type-page","status-publish","hentry","post"],"_links":{"self":[{"href":"https:\/\/zephyrmarin.se\/index.php\/wp-json\/wp\/v2\/pages\/99","targetHints":{"allow":["GET"]}}],"collection":[{"href":"https:\/\/zephyrmarin.se\/index.php\/wp-json\/wp\/v2\/pages"}],"about":[{"href":"https:\/\/zephyrmarin.se\/index.php\/wp-json\/wp\/v2\/types\/page"}],"author":[{"embeddable":true,"href":"https:\/\/zephyrmarin.se\/index.php\/wp-json\/wp\/v2\/users\/1"}],"replies":[{"embeddable":true,"href":"https:\/\/zephyrmarin.se\/index.php\/wp-json\/wp\/v2\/comments?post=99"}],"version-history":[{"count":88,"href":"https:\/\/zephyrmarin.se\/index.php\/wp-json\/wp\/v2\/pages\/99\/revisions"}],"predecessor-version":[{"id":292,"href":"https:\/\/zephyrmarin.se\/index.php\/wp-json\/wp\/v2\/pages\/99\/revisions\/292"}],"wp:attachment":[{"href":"https:\/\/zephyrmarin.se\/index.php\/wp-json\/wp\/v2\/media?parent=99"}],"curies":[{"name":"wp","href":"https:\/\/api.w.org\/{rel}","templated":true}]}}