{"id":106,"date":"2025-08-30T21:59:36","date_gmt":"2025-08-30T21:59:36","guid":{"rendered":"https:\/\/zephyrmarin.se\/?page_id=106"},"modified":"2025-09-03T15:05:28","modified_gmt":"2025-09-03T15:05:28","slug":"om-oss","status":"publish","type":"page","link":"https:\/\/zephyrmarin.se\/index.php\/om-oss\/","title":{"rendered":"Om Oss"},"content":{"rendered":"<div id=\"pl-106\"  class=\"panel-layout\" ><div id=\"pg-106-0\"  class=\"panel-grid panel-no-style\" ><div id=\"pgc-106-0-0\"  class=\"panel-grid-cell\" ><div id=\"panel-106-0-0-0\" class=\"so-panel widget widget_text panel-first-child panel-last-child\" data-index=\"0\" >\t\t\t<div class=\"textwidget\"><p>F\u00f6retaget \u00e4r ett familjef\u00f6retag bel\u00e4get i \u00d6rnsk\u00f6ldsvik med egen tillverkning av produkter i rostfritt st\u00e5l till den marina branschen exempelvis peken, targab\u00e5gar, d\u00e4vertar, biminib\u00e5gar, rodkickar, ankardon, detaljer och kringutrustning till inombordsmotorer mm. allt \u00e4r tillverkat i \u00d6-vik. Allt med \u00e5tanke och \u00e4ven egenintresse d\u00e5 vi sj\u00e4lva \u00e4r mycket h\u00e4ngivna seglare och spenderar s\u00e5 mycket tid som m\u00f6jligt i den egna b\u00e5ten. Hos mig kan kunden f\u00f6rv\u00e4nta sig god support och service genom hela installationen.<br \/>\nMed V\u00e4nlig H\u00e4lsning!<br \/>\nPer L\u00f6fstrand<\/p>\n<\/div>\n\t\t<\/div><\/div><\/div><\/div>","protected":false},"excerpt":{"rendered":"<p>F\u00f6retaget \u00e4r ett familjef\u00f6retag bel\u00e4get i \u00d6rnsk\u00f6ldsvik med egen tillverkning av produkter i rostfritt st\u00e5l till den marina branschen exempelvis peken, targab\u00e5gar, d\u00e4vertar, biminib\u00e5gar, rodkickar, ankardon, detaljer och kringutrustning till inombordsmotorer mm. allt \u00e4r tillverkat i \u00d6-vik. Allt med \u00e5tanke och \u00e4ven egenintresse d\u00e5 vi sj\u00e4lva \u00e4r mycket h\u00e4ngivna seglare och spenderar s\u00e5 mycket tid [&hellip;]<\/p>\n","protected":false},"author":1,"featured_media":0,"parent":0,"menu_order":3,"comment_status":"closed","ping_status":"closed","template":"templates\/template-full-notitle.php","meta":{"footnotes":""},"class_list":["post-106","page","type-page","status-publish","hentry","post"],"_links":{"self":[{"href":"https:\/\/zephyrmarin.se\/index.php\/wp-json\/wp\/v2\/pages\/106","targetHints":{"allow":["GET"]}}],"collection":[{"href":"https:\/\/zephyrmarin.se\/index.php\/wp-json\/wp\/v2\/pages"}],"about":[{"href":"https:\/\/zephyrmarin.se\/index.php\/wp-json\/wp\/v2\/types\/page"}],"author":[{"embeddable":true,"href":"https:\/\/zephyrmarin.se\/index.php\/wp-json\/wp\/v2\/users\/1"}],"replies":[{"embeddable":true,"href":"https:\/\/zephyrmarin.se\/index.php\/wp-json\/wp\/v2\/comments?post=106"}],"version-history":[{"count":2,"href":"https:\/\/zephyrmarin.se\/index.php\/wp-json\/wp\/v2\/pages\/106\/revisions"}],"predecessor-version":[{"id":230,"href":"https:\/\/zephyrmarin.se\/index.php\/wp-json\/wp\/v2\/pages\/106\/revisions\/230"}],"wp:attachment":[{"href":"https:\/\/zephyrmarin.se\/index.php\/wp-json\/wp\/v2\/media?parent=106"}],"curies":[{"name":"wp","href":"https:\/\/api.w.org\/{rel}","templated":true}]}}